{"id":366,"date":"2015-10-21T12:44:44","date_gmt":"2015-10-21T10:44:44","guid":{"rendered":"http:\/\/startit.select-themes.com\/?page_id=366"},"modified":"2020-02-29T19:27:40","modified_gmt":"2020-02-29T18:27:40","slug":"qui-sommes-nous","status":"publish","type":"page","link":"https:\/\/gsbit-dz.com\/?page_id=366","title":{"rendered":"Qui sommes-nous"},"content":{"rendered":"<p>[vc_row content_width=\u00a0\u00bbgrid\u00a0\u00bb content_aligment=\u00a0\u00bbcenter\u00a0\u00bb css=\u00a0\u00bb.vc_custom_1445428533264{padding-top: 52px !important;padding-bottom: 40px !important;}\u00a0\u00bb][vc_column][vc_column_text]<\/p>\n<h3><strong>GSBit \u00e9diteur de logiciels Full Web et soci\u00e9t\u00e9 de services num\u00e9riques <\/strong><\/h3>\n<p>[\/vc_column_text][vc_empty_space height=\u00a0\u00bb15px\u00a0\u00bb][vc_column_text]<\/p>\n<p style=\"text-align: left;\">Aujourd&rsquo;hui <strong>la gamme WLS<\/strong> est <strong>\u00ab\u00a0Full Web\u00a0\u00bb. <\/strong>Elle facilite la mise en \u0153uvre des nouvelles architectures Intranet, Extranet et Internet sur les r\u00e9seaux Haut d\u00e9bit incluant la mobilit\u00e9Nos \u00e9quipes adoptent et adaptent en continue un ensemble coh\u00e9rent de pratiques qui incitent \u00e0 la communication, au retour d&rsquo;information, \u00e0 la simplicit\u00e9 et au respectGSBit peut prendre en charge la totalit\u00e9 d\u2019un projet, depuis la r\u00e9daction du cahier des charges jusqu\u2019\u00e0 l\u2019int\u00e9gration dans le syst\u00e8me d\u2019informations existant<strong>.<\/strong><\/p>\n<p>[\/vc_column_text][\/vc_column][\/vc_row][vc_row content_width=\u00a0\u00bbgrid\u00a0\u00bb content_aligment=\u00a0\u00bbcenter\u00a0\u00bb css=\u00a0\u00bb.vc_custom_1445429606650{padding-top: 10px !important;padding-bottom: 28px !important;}\u00a0\u00bb][vc_column offset=\u00a0\u00bbvc_col-md-4&Prime;]<div class=\"qodef-elements-holder qodef-responsive-mode-768\" ><div class=\"qodef-elements-holder-item qodef-vertical-alignment-middle qodef-horizontal-alignment-left qodef-grow-in\" style=\"transition-delay:100ms;-webkit-transition-delay:100ms\">\n\t<div class=\"qodef-elements-holder-item-inner\">\n\t\t<div class=\"qodef-elements-holder-item-content qodef-elements-holder-custom-947198\" style=\"padding: 0 0 0 0\">\n\t\t\t\t\t\t[vc_single_image image=\u00a0\u00bb377&Prime; img_size=\u00a0\u00bbfull\u00a0\u00bb]\t\t<\/div>\n\t<\/div>\n<\/div><\/div>[vc_empty_space height=\u00a0\u00bb40px\u00a0\u00bb][vc_column_text]<\/p>\n<h5 style=\"text-align: left;\"><strong>Des SOLUTIONS Logicielles Simples, fiables et \u00e9volutives<\/strong><\/h5>\n<p>[\/vc_column_text][vc_empty_space height=\u00a0\u00bb19px\u00a0\u00bb][vc_column_text]<\/p>\n<p style=\"text-align: left;\"><strong>GSBit con\u00e7oit et \u00e9dite des solutions d\u00e9di\u00e9es aux petites, moyennes et grandes entreprises<\/strong> <strong>dans tous les secteurs\u00a0d\u2019activit\u00e9s<\/strong><strong>: <\/strong><strong><em>Industrie, <\/em><\/strong><em>B\u00e2timent et Travaux Publics, Transport et Logistique,\u00a0 Carri\u00e8res et Sabli\u00e8res, Sant\u00e9, Collectivit\u00e9s locales, Services, \u2026..<\/em><strong>\u00a0<\/strong><\/p>\n<ul style=\"text-align: left;\">\n<li><strong>pour la gestion et le suivi de vos actifs<\/strong><\/li>\n<li>Maintenance assist\u00e9e par ordinateur (GMAO)<\/li>\n<li>Immobilisations par code \u00e0 barres<\/li>\n<li>Stocks par code \u00e0 barres<\/li>\n<li>Parc Mat\u00e9riel Roulant<\/li>\n<\/ul>\n<ul>\n<li style=\"text-align: left;\"><strong>pour la gestion et le suivi de services sp\u00e9cifiques<\/strong><\/li>\n<li style=\"text-align: left;\">Collecte des d\u00e9chets m\u00e9nagers<\/li>\n<li style=\"text-align: left;\">\u2026.<\/li>\n<\/ul>\n<p>[\/vc_column_text][vc_empty_space height=\u00a0\u00bb40px\u00a0\u00bb][\/vc_column][vc_column offset=\u00a0\u00bbvc_col-md-4&Prime;]<div class=\"qodef-elements-holder qodef-responsive-mode-768\" ><div class=\"qodef-elements-holder-item qodef-vertical-alignment-middle qodef-horizontal-alignment-left qodef-grow-in\" style=\"transition-delay:300ms;-webkit-transition-delay:300ms\">\n\t<div class=\"qodef-elements-holder-item-inner\">\n\t\t<div class=\"qodef-elements-holder-item-content qodef-elements-holder-custom-358043\" style=\"padding: 0 0 0 0\">\n\t\t\t\t\t\t[vc_single_image image=\u00a0\u00bb6150&Prime; img_size=\u00a0\u00bbfull\u00a0\u00bb]\t\t<\/div>\n\t<\/div>\n<\/div><\/div>[vc_empty_space height=\u00a0\u00bb40px\u00a0\u00bb][vc_column_text]<\/p>\n<h5 style=\"text-align: left;\"><strong>Une EXPERTISE op\u00e9rationnelle pour vous aider \u00e0 r\u00e9pondre \u00e0 vos attentes<\/strong><\/h5>\n<p>[\/vc_column_text][vc_empty_space height=\u00a0\u00bb19px\u00a0\u00bb][vc_column_text]<\/p>\n<p style=\"text-align: left;\"><strong>GSBit<\/strong> d\u00e9veloppe des outils de gestion lui permettant de travailler plus efficacement et dans un meilleur environnement.<br \/>\n<strong>Les \u00e9quipes d\u2019ing\u00e9nieurs d\u00e9di\u00e9es par produit sont charg\u00e9es\u00a0:<\/strong><\/p>\n<ul style=\"text-align: left;\">\n<li>d\u2019am\u00e9liorer votre solution applicative par le d\u00e9veloppement de r\u00e8gles de gestion compl\u00e9mentaires, de personnalisations, d&rsquo;int\u00e9grations et de migrations de donn\u00e9es.<\/li>\n<\/ul>\n<ul style=\"text-align: left;\">\n<li>de concevoir et de r\u00e9aliser des logiciels adapt\u00e9s aux environnements techniques et fonctionnels\u00a0: <em>de l&rsquo;\u00e9tude \u00e0 la r\u00e9alisation et la mise en production d\u2019un projet,<\/em><em>\u00a0<\/em><\/li>\n<\/ul>\n<ul style=\"text-align: left;\">\n<li>d\u2019intervenir sur l\u2019ensemble des aspects de projets informatiques : <em>technologiques, \u00e9conomiques, financiers et humains.<\/em><\/li>\n<\/ul>\n<ul style=\"text-align: left;\">\n<li>d\u2019optimiser et d\u2019organiser votre syst\u00e8me d&rsquo;information\u00a0: <em>D\u00e9veloppement sp\u00e9cifique\u00a0pour r\u00e9pondre d\u2019une mani\u00e8re concr\u00e8te \u00e0 un besoin client <\/em>&#8211; <em>R\u00e9alisation de briques\u00a0 m\u00e9tier autour de Progiciels\u00a0 &#8211; D\u00e9veloppement et int\u00e9gration de fonctionnalit\u00e9s sectorielles &#8211; Transfert de donn\u00e9es inter-applications<\/em><\/li>\n<\/ul>\n<ul>\n<li style=\"text-align: left;\">de cr\u00e9er des sites web\u00a0: <em>du site vitrine au site e-commerce<\/em><\/li>\n<\/ul>\n<p>[\/vc_column_text][vc_empty_space height=\u00a0\u00bb40px\u00a0\u00bb][\/vc_column][vc_column offset=\u00a0\u00bbvc_col-md-4&Prime;]<div class=\"qodef-elements-holder qodef-responsive-mode-768\" ><div class=\"qodef-elements-holder-item qodef-vertical-alignment-middle qodef-horizontal-alignment-left qodef-grow-in\" style=\"transition-delay:500ms;-webkit-transition-delay:500ms\">\n\t<div class=\"qodef-elements-holder-item-inner\">\n\t\t<div class=\"qodef-elements-holder-item-content qodef-elements-holder-custom-660799\" style=\"padding: 0 0 0 0\">\n\t\t\t\t\t\t[vc_single_image image=\u00a0\u00bb389&Prime; img_size=\u00a0\u00bbfull\u00a0\u00bb]\t\t<\/div>\n\t<\/div>\n<\/div><\/div>[vc_empty_space height=\u00a0\u00bb40px\u00a0\u00bb][vc_column_text]<\/p>\n<h5 style=\"text-align: left;\"><strong>Un PARTENAIRE Unique pour les besoins de votre projet<\/strong><\/h5>\n<p>[\/vc_column_text][vc_empty_space height=\u00a0\u00bb19px\u00a0\u00bb][vc_column_text]<\/p>\n<p style=\"text-align: left;\"><strong>La d\u00e9marche projet de GSBit <\/strong>repose sur une m\u00e9thodologie rigoureuse, pilot\u00e9e par des Op\u00e9rationnels et \u00e9labor\u00e9e dans le cadre d&rsquo;un<strong> Plan qualit\u00e9 <\/strong>qui pr\u00e9voit la r\u00e9alisation selon les \u00e9tapes suivantes :<\/p>\n<ul style=\"text-align: left;\">\n<li><strong>Etape 1<\/strong> : analyse des besoins<\/li>\n<li><strong>Etape 2<\/strong> : param\u00e9trage \/ personnalisation<\/li>\n<li><strong>Etape 3<\/strong> : r\u00e9alisation des m\u00e9canismes techniques: interfaces, acc\u00e8s bases de donn\u00e9es, int\u00e9gration<\/li>\n<li><strong>Etape 4<\/strong> : formation &amp; transfert de comp\u00e9tences<\/li>\n<li><strong>Etape 5 <\/strong>: mise en exploitation, maintenance et support<\/li>\n<\/ul>\n<p style=\"text-align: left;\">Dans le cadre des <strong>services associ\u00e9s<\/strong> <strong>GSBit <\/strong>fournie et met en place un panel de <strong>syst\u00e9me d\u2019acc\u00e9s<\/strong> et de <strong>mat\u00e9riel de code \u00e0 barres.<\/strong><\/p>\n<p>[\/vc_column_text][vc_empty_space height=\u00a0\u00bb40px\u00a0\u00bb][\/vc_column][\/vc_row][vc_row content_width=\u00a0\u00bbgrid\u00a0\u00bb content_aligment=\u00a0\u00bbcenter\u00a0\u00bb css=\u00a0\u00bb.vc_custom_1445498658608{padding-top: 65px !important;padding-bottom: 78px !important;background-color: #f3f3f3 !important;}\u00a0\u00bb][vc_column][vc_column_text]<\/p>\n<h2><strong>VOUS AVEZ DES QUESTIONS\u00a0 ET\/OU\u00a0 UN PROJET<\/strong><\/h2>\n<h3><strong>N\u2019HESITEZ PLUS CONTACTEZ-NOUS SANS TARDER<\/strong><\/h3>\n<h3><strong>une \u00e9quipe pluridisciplinaire \u00e0 votre \u00e9coute<\/strong><\/h3>\n<p>[\/vc_column_text][vc_empty_space height=\u00a0\u00bb15px\u00a0\u00bb][vc_column_text]<\/p>\n<h4><strong><a href=\"mailto:contact@gsbit-dz.com\">contact@gsbit-dz.com<\/a> &#8211;\u00a0 <a href=\"mailto:commercial@gsbit-dz.com\">commercial@gsbit-dz.com<\/a><\/strong><\/h4>\n<p>[\/vc_column_text][\/vc_column][\/vc_row][vc_row content_width=\u00a0\u00bbgrid\u00a0\u00bb css=\u00a0\u00bb.vc_custom_1445430340482{padding-top: 92px !important;padding-bottom: 59px !important;}\u00a0\u00bb][vc_column width=\u00a0\u00bb1\/2&Prime; offset=\u00a0\u00bbvc_col-lg-3 vc_col-md-6&Prime;]\n<div class=\"qodef-team main-info-below-image\">\n\t<div class=\"qodef-team-inner\">\n\t\t\t\t\t<div class=\"qodef-team-image\">\n\t\t\t\t<img src=\"https:\/\/gsbit-dz.com\/wp-content\/uploads\/2020\/01\/edition.jpg\" alt=\"qodef-team-image\"\/>\n\t\t\t\t<div class=\"qodef-team-position-holder\">\n\t\t\t\t\t<div class=\"qodef-circle-animate\"><\/div>\n\t\t\t\t\t<div class=\"qodef-team-position-icon\">\n\t\t\t\t\t\t\n    <span class=\"qodef-icon-shortcode circle \"  >\n        \n        <i class=\"qodef-icon-simple-line-icon icon-settings qodef-icon-element\" style=\"\" ><\/i>\n            <\/span>\n\n\t\t\t\t\t<\/div>\n\t\t\t\t\t\t\t\t\t\t\t<h6 class=\"q_team_position\">EDITION<\/h6>\n\t\t\t\t\t\t\t\t\t<\/div>\n\t\t\t<\/div>\n\t\t\n\t\t\t\t\t<div class=\"qodef-team-info\">\n\t\t\t\t\t\t\t\t\t<div class=\"qodef-team-title-holder\">\n\t\t\t\t\t\t\t\t\t\t\t\t\t<h5 class=\"qodef-team-name\">\n\t\t\t\t\t\t\t\tEDITION\t\t\t\t\t\t\t<\/h5>\n\t\t\t\t\t\t\t\t\t\t\t\t\n\t\t\t\t\t<\/div>\n\t\t\t\t\n\t\t\t\t\t\t\t\t\t<div class='qodef-team-text'>\n\t\t\t\t\t\t<div class='qodef-team-text-inner'>\n\t\t\t\t\t\t\t<div class='qodef-team-description'>\n\t\t\t\t\t\t\t\t<p>GSBit \u00e9dite, distribue&lt;br \/&gt;\net int\u00e8gre sa propre gamme \u00abWLS\u00bb de logiciels Full Web en conformit\u00e9 avec le PCN et les nouvelles normes comptables IAS\/IFRS<\/p>\n\t\t\t\t\t\t\t<\/div>\n\t\t\t\t\t\t<\/div>\n\t\t\t\t\t<\/div>\n\t\t\t\t\t\t<\/div>\n\t<\/div>\n<\/div>[vc_empty_space height=\u00a0\u00bb40px\u00a0\u00bb][\/vc_column][vc_column width=\u00a0\u00bb1\/2&Prime; offset=\u00a0\u00bbvc_col-lg-3 vc_col-md-6&Prime;]\n<div class=\"qodef-team main-info-below-image\">\n\t<div class=\"qodef-team-inner\">\n\t\t\t\t\t<div class=\"qodef-team-image\">\n\t\t\t\t<img src=\"https:\/\/gsbit-dz.com\/wp-content\/uploads\/2020\/01\/INTEGRATION.jpg\" alt=\"qodef-team-image\"\/>\n\t\t\t\t<div class=\"qodef-team-position-holder\">\n\t\t\t\t\t<div class=\"qodef-circle-animate\"><\/div>\n\t\t\t\t\t<div class=\"qodef-team-position-icon\">\n\t\t\t\t\t\t\n    <span class=\"qodef-icon-shortcode circle \"  >\n        \n        <i class=\"qodef-icon-simple-line-icon icon-pencil qodef-icon-element\" style=\"\" ><\/i>\n            <\/span>\n\n\t\t\t\t\t<\/div>\n\t\t\t\t\t\t\t\t\t\t\t<h6 class=\"q_team_position\">INTEGRATION<\/h6>\n\t\t\t\t\t\t\t\t\t<\/div>\n\t\t\t<\/div>\n\t\t\n\t\t\t\t\t<div class=\"qodef-team-info\">\n\t\t\t\t\t\t\t\t\t<div class=\"qodef-team-title-holder\">\n\t\t\t\t\t\t\t\t\t\t\t\t\t<h5 class=\"qodef-team-name\">\n\t\t\t\t\t\t\t\tINTEGRATION\t\t\t\t\t\t\t<\/h5>\n\t\t\t\t\t\t\t\t\t\t\t\t\n\t\t\t\t\t<\/div>\n\t\t\t\t\n\t\t\t\t\t\t\t\t\t<div class='qodef-team-text'>\n\t\t\t\t\t\t<div class='qodef-team-text-inner'>\n\t\t\t\t\t\t\t<div class='qodef-team-description'>\n\t\t\t\t\t\t\t\t<p>GSBit commerciale et int\u00e8gre des logiciels de gestion d\u2019entreprise d\u00e9velopp\u00e9s par des tiers et reconnus par les professionnels et les utilisateurs.<\/p>\n\t\t\t\t\t\t\t<\/div>\n\t\t\t\t\t\t<\/div>\n\t\t\t\t\t<\/div>\n\t\t\t\t\t\t<\/div>\n\t<\/div>\n<\/div>[vc_empty_space height=\u00a0\u00bb40px\u00a0\u00bb][\/vc_column][vc_column width=\u00a0\u00bb1\/2&Prime; offset=\u00a0\u00bbvc_col-lg-3 vc_col-md-6&Prime;]\n<div class=\"qodef-team main-info-below-image\">\n\t<div class=\"qodef-team-inner\">\n\t\t\t\t\t<div class=\"qodef-team-image\">\n\t\t\t\t<img src=\"https:\/\/gsbit-dz.com\/wp-content\/uploads\/2019\/12\/TECHNOLOGIE.jpg\" alt=\"qodef-team-image\"\/>\n\t\t\t\t<div class=\"qodef-team-position-holder\">\n\t\t\t\t\t<div class=\"qodef-circle-animate\"><\/div>\n\t\t\t\t\t<div class=\"qodef-team-position-icon\">\n\t\t\t\t\t\t\n    <span class=\"qodef-icon-shortcode circle \"  >\n        \n        <i class=\"qodef-icon-simple-line-icon icon-notebook qodef-icon-element\" style=\"\" ><\/i>\n            <\/span>\n\n\t\t\t\t\t<\/div>\n\t\t\t\t\t\t\t\t\t\t\t<h6 class=\"q_team_position\">TECHNOLOGIE<\/h6>\n\t\t\t\t\t\t\t\t\t<\/div>\n\t\t\t<\/div>\n\t\t\n\t\t\t\t\t<div class=\"qodef-team-info\">\n\t\t\t\t\t\t\t\t\t<div class=\"qodef-team-title-holder\">\n\t\t\t\t\t\t\t\t\t\t\t\t\t<h5 class=\"qodef-team-name\">\n\t\t\t\t\t\t\t\tTECHNOLOGIE\t\t\t\t\t\t\t<\/h5>\n\t\t\t\t\t\t\t\t\t\t\t\t\n\t\t\t\t\t<\/div>\n\t\t\t\t\n\t\t\t\t\t\t\t\t\t<div class='qodef-team-text'>\n\t\t\t\t\t\t<div class='qodef-team-text-inner'>\n\t\t\t\t\t\t\t<div class='qodef-team-description'>\n\t\t\t\t\t\t\t\t<p>Multi-plateformes, Multi-dossiers, D\u00e9veloppement Full Web, Moteur base de donn\u00e9es Microsoft, SQL Server 2008, Oracle et serveur Apache, Protection par authentification, Gestion des droits d\u2019acc\u00e8s,via les profils utilisateurs.<\/p>\n\t\t\t\t\t\t\t<\/div>\n\t\t\t\t\t\t<\/div>\n\t\t\t\t\t<\/div>\n\t\t\t\t\t\t<\/div>\n\t<\/div>\n<\/div>[vc_empty_space height=\u00a0\u00bb40px\u00a0\u00bb][\/vc_column][vc_column width=\u00a0\u00bb1\/2&Prime; offset=\u00a0\u00bbvc_col-lg-3 vc_col-md-6&Prime;]\n<div class=\"qodef-team main-info-below-image\">\n\t<div class=\"qodef-team-inner\">\n\t\t\t\t\t<div class=\"qodef-team-image\">\n\t\t\t\t<img src=\"https:\/\/gsbit-dz.com\/wp-content\/uploads\/2019\/12\/SERVICE-APRES-VENTE.jpg\" alt=\"qodef-team-image\"\/>\n\t\t\t\t<div class=\"qodef-team-position-holder\">\n\t\t\t\t\t<div class=\"qodef-circle-animate\"><\/div>\n\t\t\t\t\t<div class=\"qodef-team-position-icon\">\n\t\t\t\t\t\t\n    <span class=\"qodef-icon-shortcode circle \"  >\n        \n        <i class=\"qodef-icon-simple-line-icon icon-wrench qodef-icon-element\" style=\"\" ><\/i>\n            <\/span>\n\n\t\t\t\t\t<\/div>\n\t\t\t\t\t\t\t\t\t\t\t<h6 class=\"q_team_position\">SERVICE APRES VENTE<\/h6>\n\t\t\t\t\t\t\t\t\t<\/div>\n\t\t\t<\/div>\n\t\t\n\t\t\t\t\t<div class=\"qodef-team-info\">\n\t\t\t\t\t\t\t\t\t<div class=\"qodef-team-title-holder\">\n\t\t\t\t\t\t\t\t\t\t\t\t\t<h5 class=\"qodef-team-name\">\n\t\t\t\t\t\t\t\tSERVICE APRES VENTE\t\t\t\t\t\t\t<\/h5>\n\t\t\t\t\t\t\t\t\t\t\t\t\n\t\t\t\t\t<\/div>\n\t\t\t\t\n\t\t\t\t\t\t\t\t\t<div class='qodef-team-text'>\n\t\t\t\t\t\t<div class='qodef-team-text-inner'>\n\t\t\t\t\t\t\t<div class='qodef-team-description'>\n\t\t\t\t\t\t\t\t<p>Contrat de maintenance ouvre droit \u00e0 la gratuit\u00e9 : des mises \u00e0 jour du logiciel, assistante t\u00e9l\u00e9phonique, fax, mails, t\u00e9l\u00e9maintenance, Audit d\u2019utilisation.<\/p>\n\t\t\t\t\t\t\t<\/div>\n\t\t\t\t\t\t<\/div>\n\t\t\t\t\t<\/div>\n\t\t\t\t\t\t<\/div>\n\t<\/div>\n<\/div>[vc_empty_space height=\u00a0\u00bb40px\u00a0\u00bb][\/vc_column][\/vc_row][vc_row][vc_column]<div class=\"qodef-carousel-holder with_navigation clearfix\"><div class=\"qodef-carousel\" data-items=\"6\" data-navigation=\"yes\"><div class=\"qodef-carousel-item-holder\">\n\t                                            <span class=\"qodef-carousel-first-image-holder  qodef-image-zoom\">\n                        <img src=\"http:\/\/gsbit-dz.com\/wp-content\/uploads\/2020\/01\/logo_accueil12.jpg\" alt=\"Home 12\">\n                    <\/span>\n                                        \t<\/div><div class=\"qodef-carousel-item-holder\">\n\t                                            <span class=\"qodef-carousel-first-image-holder  qodef-image-zoom\">\n                        <img src=\"http:\/\/gsbit-dz.com\/wp-content\/uploads\/2020\/01\/logo_accueil11.jpg\" alt=\"Home 11\">\n                    <\/span>\n                                        \t<\/div><div class=\"qodef-carousel-item-holder\">\n\t                                            <span class=\"qodef-carousel-first-image-holder  qodef-image-zoom\">\n                        <img src=\"http:\/\/gsbit-dz.com\/wp-content\/uploads\/2020\/01\/logo_accueil10.jpg\" alt=\"Home 10\">\n                    <\/span>\n                                        \t<\/div><div class=\"qodef-carousel-item-holder\">\n\t                                            <span class=\"qodef-carousel-first-image-holder  qodef-image-zoom\">\n                        <img src=\"http:\/\/gsbit-dz.com\/wp-content\/uploads\/2020\/01\/logo_accueil9-1.jpg\" alt=\"Home 9\">\n                    <\/span>\n                                        \t<\/div><div class=\"qodef-carousel-item-holder\">\n\t                                            <span class=\"qodef-carousel-first-image-holder  qodef-image-zoom\">\n                        <img src=\"http:\/\/gsbit-dz.com\/wp-content\/uploads\/2020\/01\/logo_accueil8.jpg\" alt=\"Home 8\">\n                    <\/span>\n                                        \t<\/div><div class=\"qodef-carousel-item-holder\">\n\t                                            <span class=\"qodef-carousel-first-image-holder  qodef-image-zoom\">\n                        <img src=\"http:\/\/gsbit-dz.com\/wp-content\/uploads\/2020\/01\/logo_accueil7.jpg\" alt=\"Home 7\">\n                    <\/span>\n                                        \t<\/div><div class=\"qodef-carousel-item-holder\">\n\t                                            <span class=\"qodef-carousel-first-image-holder  qodef-image-zoom\">\n                        <img src=\"http:\/\/gsbit-dz.com\/wp-content\/uploads\/2020\/01\/logo_accueil6.jpg\" alt=\"Home 6\">\n                    <\/span>\n                                        \t<\/div><div class=\"qodef-carousel-item-holder\">\n\t                                            <span class=\"qodef-carousel-first-image-holder  qodef-image-zoom\">\n                        <img src=\"http:\/\/gsbit-dz.com\/wp-content\/uploads\/2020\/01\/logo_accueil5.jpg\" alt=\"Home 5\">\n                    <\/span>\n                                        \t<\/div><div class=\"qodef-carousel-item-holder\">\n\t                                            <span class=\"qodef-carousel-first-image-holder  qodef-image-zoom\">\n                        <img src=\"http:\/\/gsbit-dz.com\/wp-content\/uploads\/2020\/01\/logo_accueil1.jpg\" alt=\"Home 4\">\n                    <\/span>\n                                        \t<\/div><div class=\"qodef-carousel-item-holder\">\n\t                                            <span class=\"qodef-carousel-first-image-holder  qodef-image-zoom\">\n                        <img src=\"http:\/\/gsbit-dz.com\/wp-content\/uploads\/2020\/01\/logo_accueil2.jpg\" alt=\"Home 3\">\n                    <\/span>\n                                        \t<\/div><div class=\"qodef-carousel-item-holder\">\n\t                                            <span class=\"qodef-carousel-first-image-holder  qodef-image-zoom\">\n                        <img src=\"http:\/\/gsbit-dz.com\/wp-content\/uploads\/2020\/01\/logo_accueil3.jpg\" alt=\"Home 2\">\n                    <\/span>\n                                        \t<\/div><div class=\"qodef-carousel-item-holder\">\n\t                                            <span class=\"qodef-carousel-first-image-holder  qodef-image-zoom\">\n                        <img src=\"http:\/\/gsbit-dz.com\/wp-content\/uploads\/2020\/01\/logo_accueil4.jpg\" alt=\"Home 1\">\n                    <\/span>\n                                        \t<\/div><div class=\"qodef-carousel-item-holder\">\n\t                                            <span class=\"qodef-carousel-first-image-holder  qodef-image-zoom\">\n                        <img src=\"http:\/\/gsbit-dz.com\/wp-content\/uploads\/2020\/03\/logo_accueil.jpg\" alt=\"Home 1\">\n                    <\/span>\n                                        \t<\/div><\/div><\/div>[\/vc_column][\/vc_row]<\/p>\n","protected":false},"excerpt":{"rendered":"<p>[vc_row content_width=\u00a0\u00bbgrid\u00a0\u00bb content_aligment=\u00a0\u00bbcenter\u00a0\u00bb css=\u00a0\u00bb.vc_custom_1445428533264{padding-top: 52px !important;padding-bottom: 40px !important;}\u00a0\u00bb][vc_column][vc_column_text] GSBit \u00e9diteur de logiciels Full Web et soci\u00e9t\u00e9 de services num\u00e9riques [\/vc_column_text][vc_empty_space height=\u00a0\u00bb15px\u00a0\u00bb][vc_column_text] Aujourd&rsquo;hui la gamme WLS est \u00ab\u00a0Full Web\u00a0\u00bb. Elle facilite la mise en \u0153uvre des nouvelles architectures Intranet, Extranet et Internet sur les r\u00e9seaux Haut&#8230;<\/p>\n","protected":false},"author":1,"featured_media":0,"parent":0,"menu_order":0,"comment_status":"closed","ping_status":"closed","template":"full-width.php","meta":[],"_links":{"self":[{"href":"https:\/\/gsbit-dz.com\/index.php?rest_route=\/wp\/v2\/pages\/366"}],"collection":[{"href":"https:\/\/gsbit-dz.com\/index.php?rest_route=\/wp\/v2\/pages"}],"about":[{"href":"https:\/\/gsbit-dz.com\/index.php?rest_route=\/wp\/v2\/types\/page"}],"author":[{"embeddable":true,"href":"https:\/\/gsbit-dz.com\/index.php?rest_route=\/wp\/v2\/users\/1"}],"replies":[{"embeddable":true,"href":"https:\/\/gsbit-dz.com\/index.php?rest_route=%2Fwp%2Fv2%2Fcomments&post=366"}],"version-history":[{"count":20,"href":"https:\/\/gsbit-dz.com\/index.php?rest_route=\/wp\/v2\/pages\/366\/revisions"}],"predecessor-version":[{"id":6151,"href":"https:\/\/gsbit-dz.com\/index.php?rest_route=\/wp\/v2\/pages\/366\/revisions\/6151"}],"wp:attachment":[{"href":"https:\/\/gsbit-dz.com\/index.php?rest_route=%2Fwp%2Fv2%2Fmedia&parent=366"}],"curies":[{"name":"wp","href":"https:\/\/api.w.org\/{rel}","templated":true}]}}